{"id":701,"date":"2018-12-11T04:37:10","date_gmt":"2018-12-11T04:37:10","guid":{"rendered":"http:\/\/themetrademark.com\/demo\/tatee\/?page_id=475"},"modified":"2020-08-07T10:43:14","modified_gmt":"2020-08-07T07:43:14","slug":"about","status":"publish","type":"page","link":"https:\/\/bmsmak.com.tr\/tr_tr\/about\/","title":{"rendered":"About"},"content":{"rendered":"<div class=\"vc_row customize-mind wpb_row\"><div class=\"wpb_column vc_column_container vc_col-sm-12\"><div class=\"vc_column-inner\"><div class=\"wpb_wrapper\">\t\t\t<section class=\"section p-t-100 p-b-65\">\r\n\t\t\t<div class=\"container\">\r\n\t\t\t\t<div class=\"page-heading\">\r\n\t\t\t\t\t\t\t\t\t\t\t<h4 class=\"title-sub title-sub--c8 m-b-15\">Biz kimiz<\/h4>\r\n\t\t\t\t\t\t\t\t\t\t\t\t\t\t\t\t<h2 class=\"title-2\">Hakk\u0131m\u0131zda<\/h2>\r\n\t\t\t\t\t\t\t\t\t<\/div>\r\n\t\t\t<\/div>\r\n\t\t<\/section>\r\n\t\t<\/div><\/div><\/div><\/div><div class=\"vc_row customize-mind wpb_row\"><div class=\"wpb_column vc_column_container vc_col-sm-12\"><div class=\"vc_column-inner\"><div class=\"wpb_wrapper\">\t\t\t<section class=\"section\">\r\n\t\t\t<div class=\"wrap wrap--w1790\">\r\n\t\t\t\t<div class=\"container-fluid\">\r\n\t\t\t\t\t\t\t\t\t\t\t<img decoding=\"async\" src=\"https:\/\/bmsmak.com.tr\/wp-content\/uploads\/2018\/12\/page-img-01.jpg\">\r\n\t\t\t\t\t\t\t\t\t<\/div>\r\n\t\t\t<\/div>\r\n\t\t<\/section>\r\n\t\t\r\n\t<\/div><\/div><\/div><\/div><div class=\"vc_row customize-mind wpb_row\"><div class=\"wpb_column vc_column_container vc_col-sm-12\"><div class=\"vc_column-inner\"><div class=\"wpb_wrapper\"> \r\n    <section class=\"section p-t-80\">\r\n        <div class=\"container\">\r\n            <div class=\"row no-gutters\">\r\n                                    <div class=\"col-lg-6\">\r\n                        <div class=\"row no-gutters\">\r\n                                                            <div class=\"col-md-6\">\r\n                                    <div class=\"media-statistic-2\">\r\n                                        <div class=\"media__body\">\r\n                                                                                            <span class=\"media__number js-counterup\">20<\/span>\r\n                                                                                                                                        <h5 class=\"media__title title-sub\">Y\u0131llar\u0131n deneyimi<\/h5>\r\n                                                                                    <\/div>\r\n                                    <\/div>\r\n                                <\/div>\r\n                                                            <div class=\"col-md-6\">\r\n                                    <div class=\"media-statistic-2\">\r\n                                        <div class=\"media__body\">\r\n                                                                                            <span class=\"media__number js-counterup\">50<\/span>\r\n                                                                                                                                        <h5 class=\"media__title title-sub\">Mutlu m\u00fc\u015fteriler<\/h5>\r\n                                                                                    <\/div>\r\n                                    <\/div>\r\n                                <\/div>\r\n                                                            <div class=\"col-md-6\">\r\n                                    <div class=\"media-statistic-2\">\r\n                                        <div class=\"media__body\">\r\n                                                                                            <span class=\"media__number js-counterup\">224<\/span>\r\n                                                                                                                                        <h5 class=\"media__title title-sub\">Tamamlanm\u0131\u015f projeler<\/h5>\r\n                                                                                    <\/div>\r\n                                    <\/div>\r\n                                <\/div>\r\n                                                            <div class=\"col-md-6\">\r\n                                    <div class=\"media-statistic-2\">\r\n                                        <div class=\"media__body\">\r\n                                                                                            <span class=\"media__number js-counterup\">16<\/span>\r\n                                                                                                                                        <h5 class=\"media__title title-sub\">Dan\u0131\u015fmanl\u0131k Hizmetlerimiz<\/h5>\r\n                                                                                    <\/div>\r\n                                    <\/div>\r\n                                <\/div>\r\n                                                    <\/div>\r\n                    <\/div>\r\n                                                    <div class=\"col-lg-6\">\r\n                                                    <p class=\"text--s18-40 m-b-15\">\r\n                                                                    <strong class=\"text--c2\">BMS\u2019nin i\u015f anlay\u0131\u015f\u0131;<\/strong> &quot;M\u00fc\u015fterinin t\u00fcm ihtiya\u00e7lar\u0131n\u0131n en ekonomik  ko\u015fullarda ve m\u00fc\u015fteri memnuniyeti odakl\u0131 sa\u011flanmas\u0131na\u201d y\u00f6neliktir. BMS;  bu amaca ula\u015fmak \u00fczere her biri kendi alan\u0131nda uzman m\u00fchendis ve  teknisyenlerden olu\u015fan bir kadroyu ve modern imalat ekipmanlar\u0131 ile  donat\u0131lm\u0131\u015f bir fabrikay\u0131 b\u00fcnyesinde bulundurmaktad\u0131r.&quot;                                <\/p>\r\n                                                        <p class=\"text--s18-40 \">\r\n                                                                    <strong class=\"text--c2\">BMS, uzman kadrosu<\/strong> &quot;uluslararas\u0131 standartlara uygun imalat  anlay\u0131\u015f\u0131,   geli\u015fmi\u015f projelendirme imkanlar\u0131, kalite kontrol ve i\u015f  emniyeti   konular\u0131nda hassasiyeti ile bug\u00fcne kadar herbiri kendi alan\u0131nda  lider   50\u2019ye yak\u0131n firmaya hizmet vermi\u015ftir.&quot;                                <\/p>\r\n                                                    <\/div>\r\n                                    <\/div>\r\n            <\/div>\r\n        <\/section>\r\n        <\/div><\/div><\/div><\/div><section class=\"p-t-60 p-b-60\"><div class=\"container\"><div class=\"vc_row customize-mind wpb_row\"><div class=\"wpb_column vc_column_container vc_col-sm-12\"><div class=\"vc_column-inner\"><div class=\"wpb_wrapper\">\t\t\t<div class=\"section-title \">\r\n\t\t\t\t\t\t\t<h5 class=\"title-sub\">ne yap\u0131yoruz<\/h5>\r\n\t\t\t\t\t\t\t\t\t\t<h2 class=\"title-1\">Uzmanl\u0131\u011f\u0131m\u0131z<\/h2>\r\n\t\t\t\t\t<\/div>\r\n\t\t\r\n\t\t <div class=\"vc_row wpb_row vc_inner\"><div class=\"no-gutters wpb_column vc_column_container vc_col-sm-12\"><div class=\"vc_column-inner\"><div class=\"wpb_wrapper\">            <div class=\"row no-gutters\">\r\n                            <div class=\"col-md-6 col-lg-4\">\r\n                    <article class=\"media media-service\">\r\n                                                    <figure class=\"media__img\">\r\n                                <img decoding=\"async\" src=\"https:\/\/bmsmak.com.tr\/wp-content\/uploads\/2018\/12\/service-01.png\" \/>\r\n                            <\/figure>\r\n                                                <div class=\"media__title\">\r\n                                                            <h3 class=\"title\">\r\n                                    <a href=\"#\">\u0130malat<\/a>\r\n                                <\/h3>\r\n                                                        \r\n                            <span class=\"number\">01<\/span>\r\n                        <\/div>\r\n                                                    <p class=\"media__text\">BMS Makina, her biri alan\u0131nda uzman 50 ki\u015filik beyaz ve mavi yaka kadrosu ile ilgili standartlara\n\nUygun olarak \u00c7ay\u0131rova \/ Kocaeli\u2019 ndeki 2.000 m\u00b2 kapal\u0131 alanl\u0131 fabrikas\u0131nda proses ekipmanlar\u0131n\u0131n\n\nimalat\u0131n\u0131 yapmaktad\u0131r<\/p>\r\n                                            <\/article>\r\n                <\/div>\r\n                                <div class=\"col-md-6 col-lg-4\">\r\n                    <article class=\"media media-service\">\r\n                                                    <figure class=\"media__img\">\r\n                                <img decoding=\"async\" src=\"https:\/\/bmsmak.com.tr\/wp-content\/uploads\/2018\/12\/service-02.png\" \/>\r\n                            <\/figure>\r\n                                                <div class=\"media__title\">\r\n                                                            <h3 class=\"title\">\r\n                                    <a href=\"#\">Tasar\u0131m<\/a>\r\n                                <\/h3>\r\n                                                        \r\n                            <span class=\"number\">02<\/span>\r\n                        <\/div>\r\n                                                    <p class=\"media__text\">BMS Makina, kendi b\u00fcnyesinde uluslararas\u0131 standartlara ( API, ASME, EN ) uygun olarak\n\nproses ekipmanlar\u0131n\u0131n mekanik hesaplamalar\u0131n\u0131 ve tasar\u0131m\u0131n\u0131 ger\u00e7ekle\u015ftirmektedir.\n\n \n\nEN ve ASME normlar\u0131nda sertifikaland\u0131r\u0131lm\u0131\u015f deneyimli kaynak\u00e7\u0131 kadrosuna ve kaynak\n\nm\u00fchendislerine sahip olan BMS Makina, paslanmaz \u00e7elik, karbon \u00e7elik, \u00f6zel ala\u015f\u0131ml\u0131 \u00e7elik\n\nvb. malzeme tiplerinde geni\u015f tecr\u00fcbeye ve bunlarla ilgili kapsaml\u0131 bir WPS ve PQR ar\u015fivine sahiptir.<\/p>\r\n                                            <\/article>\r\n                <\/div>\r\n                                <div class=\"col-md-6 col-lg-4\">\r\n                    <article class=\"media media-service\">\r\n                                                    <figure class=\"media__img\">\r\n                                <img decoding=\"async\" src=\"https:\/\/bmsmak.com.tr\/wp-content\/uploads\/2018\/12\/service-03.png\" \/>\r\n                            <\/figure>\r\n                                                <div class=\"media__title\">\r\n                                                            <h3 class=\"title\">\r\n                                    <a href=\"#\">Proje Y\u00f6netimi<\/a>\r\n                                <\/h3>\r\n                                                        \r\n                            <span class=\"number\">03<\/span>\r\n                        <\/div>\r\n                                                    <p class=\"media__text\">\u200bBMS Makina, m\u00fc\u015fterilerine uluslararas\u0131 standartlarda bir proje y\u00f6netimi sunmaktad\u0131r. Her proje i\u00e7in, m\u00fc\u015fteri ve BMS \u00e7al\u0131\u015fanlar\u0131 aras\u0131nda ki ak\u0131\u015f\u0131 y\u00f6nlendiren bir proje y\u00f6neticisi atanmaktad\u0131r. \u200bProje y\u00f6neticileri, m\u00fc\u015fterilerle sistematik ileti\u015fim halinde projelerin istenen kalite ve \u00f6ng\u00f6r\u00fclen s\u00fcrede teslim edilmesini sa\u011flarlar. Bu do\u011frultuda, proje ba\u015flang\u0131c\u0131nda bir Proje \u0130\u015f Program\u0131 haz\u0131rlan\u0131r ve tasar\u0131m, malzeme temini, imalat, kalite kontrol, test, ambalaj ve sevkiyat a\u015famalar\u0131n\u0131n ba\u015flang\u0131\u00e7 ve biti\u015f tarihleri belirlenir ve m\u00fc\u015fteriler ile payla\u015f\u0131l\u0131r. Proje y\u00f6neticileri, projelerin ilerleme a\u015famalar\u0131n\u0131 s\u00fcrekli takip ederek hedefler do\u011frultusunda tamamlanmas\u0131n\u0131 sa\u011flarlar<\/p>\r\n                                            <\/article>\r\n                <\/div>\r\n                            <\/div>\r\n        \r\n        <\/div><\/div><\/div><\/div><\/div><\/div><\/div><\/div><\/div><\/section>\n","protected":false},"excerpt":{"rendered":"Biz kimiz Hakk\u0131m\u0131zda 20 Y\u0131llar\u0131n deneyimi 50 Mutlu m\u00fc\u015fteriler 224 Tamamlanm\u0131\u015f projeler 16 Dan\u0131\u015fmanl\u0131k Hizmetlerimiz BMS\u2019nin i\u015f anlay\u0131\u015f\u0131; &quot;M\u00fc\u015fterinin t\u00fcm ihtiya\u00e7lar\u0131n\u0131n en ekonomik ko\u015fullarda ve m\u00fc\u015fteri memnuniyeti odakl\u0131 sa\u011flanmas\u0131na\u201d y\u00f6neliktir. BMS; bu amaca ula\u015fmak \u00fczere her biri kendi alan\u0131nda uzman m\u00fchendis ve teknisyenlerden olu\u015fan bir kadroyu ve modern imalat ekipmanlar\u0131 ile donat\u0131lm\u0131\u015f bir fabrikay\u0131 b\u00fcnyesinde [...]","protected":false},"author":1,"featured_media":0,"parent":0,"menu_order":0,"comment_status":"open","ping_status":"closed","template":"template\/basic-home.php","meta":{"footnotes":""},"class_list":["post-701","page","type-page","status-publish","hentry","blog blog-detail-1"],"_links":{"self":[{"href":"https:\/\/bmsmak.com.tr\/tr_tr\/wp-json\/wp\/v2\/pages\/701","targetHints":{"allow":["GET"]}}],"collection":[{"href":"https:\/\/bmsmak.com.tr\/tr_tr\/wp-json\/wp\/v2\/pages"}],"about":[{"href":"https:\/\/bmsmak.com.tr\/tr_tr\/wp-json\/wp\/v2\/types\/page"}],"author":[{"embeddable":true,"href":"https:\/\/bmsmak.com.tr\/tr_tr\/wp-json\/wp\/v2\/users\/1"}],"replies":[{"embeddable":true,"href":"https:\/\/bmsmak.com.tr\/tr_tr\/wp-json\/wp\/v2\/comments?post=701"}],"version-history":[{"count":17,"href":"https:\/\/bmsmak.com.tr\/tr_tr\/wp-json\/wp\/v2\/pages\/701\/revisions"}],"predecessor-version":[{"id":1554,"href":"https:\/\/bmsmak.com.tr\/tr_tr\/wp-json\/wp\/v2\/pages\/701\/revisions\/1554"}],"wp:attachment":[{"href":"https:\/\/bmsmak.com.tr\/tr_tr\/wp-json\/wp\/v2\/media?parent=701"}],"curies":[{"name":"wp","href":"https:\/\/api.w.org\/{rel}","templated":true}]}}