{"id":694,"date":"2018-12-07T04:08:21","date_gmt":"2018-12-07T04:08:21","guid":{"rendered":"http:\/\/themetrademark.com\/demo\/tatee\/?page_id=347"},"modified":"2025-07-08T11:53:40","modified_gmt":"2025-07-08T08:53:40","slug":"contact","status":"publish","type":"page","link":"https:\/\/bmsmak.com.tr\/tr_tr\/contact\/","title":{"rendered":"Contact"},"content":{"rendered":"<div class=\"vc_row customize-mind wpb_row\"><div class=\"wpb_column vc_column_container vc_col-sm-12\"><div class=\"vc_column-inner\"><div class=\"wpb_wrapper\">\t\t\t<section class=\"section p-t-100 p-b-65\">\r\n\t\t\t<div class=\"container\">\r\n\t\t\t\t<div class=\"page-heading\">\r\n\t\t\t\t\t\t\t\t\t\t\t<h4 class=\"title-sub title-sub--c8 m-b-15\">Bize ula\u015f\u0131n<\/h4>\r\n\t\t\t\t\t\t\t\t\t\t\t\t\t\t\t\t<h2 class=\"title-2\">\u0130leti\u015fim Formu<\/h2>\r\n\t\t\t\t\t\t\t\t\t<\/div>\r\n\t\t\t<\/div>\r\n\t\t<\/section>\r\n\t\t<\/div><\/div><\/div><\/div><section class=\"section p-b-80 contact-r\"><div class=\"container\"><div class=\"vc_row customize-mind wpb_row\"><div class=\"wpb_column vc_column_container vc_col-sm-12\"><div class=\"vc_column-inner\"><div class=\"wpb_wrapper\"><div class=\"wpb_gmaps_widget wpb_content_element\"><h2 class=\"wpb_heading wpb_map_heading\">Fabrika<\/h2><div class=\"wpb_wrapper\"><div class=\"wpb_map_wraper\"><iframe loading=\"lazy\" src=\"https:\/\/www.google.com\/maps\/embed?pb=!1m18!1m12!1m3!1d3018.126882638179!2d29.387244315805262!3d40.847137979317445!2m3!1f0!2f0!3f0!3m2!1i1024!2i768!4f13.1!3m3!1m2!1s0x14cad8cb88d03f43%3A0x9ea336ed5b917554!2sBMS%20%C4%B0nsaat%20ve%20Makina%20%C4%B0malat%20Sanayi!5e0!3m2!1str!2sde!4v1577542025419!5m2!1str!2sde\" width=\"600\" height=\"450\" frameborder=\"0\" style=\"border:0;\" allowfullscreen=\"\"><\/iframe><\/div><\/div><\/div>\n<div class=\"wpcf7 no-js\" id=\"wpcf7-f331-o1\" lang=\"en-US\" dir=\"ltr\" data-wpcf7-id=\"331\">\n<div class=\"screen-reader-response\"><p role=\"status\" aria-live=\"polite\" aria-atomic=\"true\"><\/p> <ul><\/ul><\/div>\n<form action=\"\/tr_tr\/wp-json\/wp\/v2\/pages\/694#wpcf7-f331-o1\" method=\"post\" class=\"wpcf7-form init\" aria-label=\"Contact form\" novalidate=\"novalidate\" data-status=\"init\">\n<fieldset class=\"hidden-fields-container\"><input type=\"hidden\" name=\"_wpcf7\" value=\"331\" \/><input type=\"hidden\" name=\"_wpcf7_version\" value=\"6.1\" \/><input type=\"hidden\" name=\"_wpcf7_locale\" value=\"en_US\" \/><input type=\"hidden\" name=\"_wpcf7_unit_tag\" value=\"wpcf7-f331-o1\" \/><input type=\"hidden\" name=\"_wpcf7_container_post\" value=\"0\" \/><input type=\"hidden\" name=\"_wpcf7_posted_data_hash\" value=\"\" \/>\n<\/fieldset>\n<div class=\"cihan-form\">\n\t<div class=\"form-left\">\n\t\t<p><span class=\"wpcf7-form-control-wrap\" data-name=\"your-name\"><input size=\"40\" maxlength=\"400\" class=\"wpcf7-form-control wpcf7-text wpcf7-validates-as-required\" aria-required=\"true\" aria-invalid=\"false\" placeholder=\"\u0130sim Soyisim\" value=\"\" type=\"text\" name=\"your-name\" \/><\/span><br \/>\n<span class=\"wpcf7-form-control-wrap\" data-name=\"your-email\"><input size=\"40\" maxlength=\"400\" class=\"wpcf7-form-control wpcf7-email wpcf7-validates-as-required wpcf7-text wpcf7-validates-as-email\" aria-required=\"true\" aria-invalid=\"false\" placeholder=\"Email Adresi\" value=\"\" type=\"email\" name=\"your-email\" \/><\/span><br \/>\n<span class=\"wpcf7-form-control-wrap\" data-name=\"your-phone\"><input size=\"40\" maxlength=\"400\" class=\"wpcf7-form-control wpcf7-tel wpcf7-validates-as-required wpcf7-text wpcf7-validates-as-tel\" aria-required=\"true\" aria-invalid=\"false\" placeholder=\"Telefon\" value=\"\" type=\"tel\" name=\"your-phone\" \/><\/span>\n\t\t<\/p>\n\t<\/div>\n\t<div class=\"form-right\">\n\t\t<p><span class=\"wpcf7-form-control-wrap\" data-name=\"your-message\"><textarea cols=\"40\" rows=\"10\" maxlength=\"2000\" class=\"wpcf7-form-control wpcf7-textarea wpcf7-validates-as-required\" aria-required=\"true\" aria-invalid=\"false\" placeholder=\"Mesaj\u0131n\u0131z*\" name=\"your-message\"><\/textarea><\/span>\n\t\t<\/p>\n\t<\/div>\n<\/div>\n<div class=\"form-button\">\n\t<p><input class=\"wpcf7-form-control wpcf7-submit has-spinner\" type=\"submit\" value=\"G\u00f6nder\" \/>\n\t<\/p>\n<\/div><div class=\"wpcf7-response-output\" aria-hidden=\"true\"><\/div>\n<\/form>\n<\/div>\n <div class=\"vc_row wpb_row vc_inner\"><div class=\"wpb_column vc_column_container vc_col-sm-2\/5\"><div class=\"vc_column-inner\"><div class=\"wpb_wrapper\"> \r\n            <div class=\"contact-info \">\r\n                                <div class=\"contact-info__item\">\r\n                                                    <h5 class=\"title--sm2  \">Fabrika:<\/h5>\r\n                                                                    <\/div>\r\n                            <\/div>\r\n                    \n\t<div class=\"wpb_text_column wpb_content_element \" >\n\t\t<div class=\"wpb_wrapper\">\n\t\t\t<p><strong>Adres<\/strong> \u00a0 : \u015eekerp\u0131nar Mah. Marmara Geri D\u00f6n\u00fc\u015f\u00fcmc\u00fcler San. Sitesi<br \/>\nAy\u00e7i\u00e7ek Sok:No: 44, 41420 \u00c7ay\u0131rova\/Kocaeli<br \/>\n<strong>Telefon<\/strong> : + (90) 262 658 05 71<br \/>\n<strong>Email<\/strong> : <a href=\"mailto:info@bmsmak.com.tr\">info@bmsmak.com.tr<\/a><\/p>\n\n\t\t<\/div>\n\t<\/div>\n<\/div><\/div><\/div><div class=\"wpb_column vc_column_container vc_col-sm-2\/5\"><div class=\"vc_column-inner\"><div class=\"wpb_wrapper\"> \r\n            <div class=\"contact-info \">\r\n                                <div class=\"contact-info__item\">\r\n                                                    <h5 class=\"title--sm2  \">Ofis:<\/h5>\r\n                                                                    <\/div>\r\n                            <\/div>\r\n                    \n\t<div class=\"wpb_text_column wpb_content_element \" >\n\t\t<div class=\"wpb_wrapper\">\n\t\t\t<p><strong>Adres<\/strong> : Sak\u0131za\u011fac\u0131 Mah. Kennedy cad. Pruva 34 Sitesi, No: 103\/9, C Blok, Kat: 6, Daire 66 Bak\u0131rk\u00f6y\/\u0130stanbul<br \/>\n<strong>Telefon<\/strong> : + (90) 212 466 06 31<br \/>\n<strong>Email<\/strong> : <a href=\"mailto:oirfanoglu@bmsmak.com.tr\">oirfanoglu@bmsmak.com.tr<\/a><\/p>\n\n\t\t<\/div>\n\t<\/div>\n<\/div><\/div><\/div><\/div><\/div><\/div><\/div><\/div><\/div><\/section>\n","protected":false},"excerpt":{"rendered":"Bize ula\u015f\u0131n \u0130leti\u015fim Formu Fabrika Fabrika: Adres \u00a0 : \u015eekerp\u0131nar Mah. Marmara Geri D\u00f6n\u00fc\u015f\u00fcmc\u00fcler San. Sitesi Ay\u00e7i\u00e7ek Sok:No: 44, 41420 \u00c7ay\u0131rova\/Kocaeli Telefon : + (90) 262 658 05 71 Email : info@bmsmak.com.tr Ofis: Adres : Sak\u0131za\u011fac\u0131 Mah. Kennedy cad. Pruva 34 Sitesi, No: 103\/9, C Blok, Kat: 6, Daire 66 Bak\u0131rk\u00f6y\/\u0130stanbul Telefon : + (90) [...]","protected":false},"author":1,"featured_media":0,"parent":0,"menu_order":0,"comment_status":"closed","ping_status":"closed","template":"template\/contact.php","meta":{"footnotes":""},"class_list":["post-694","page","type-page","status-publish","hentry","blog blog-detail-1"],"_links":{"self":[{"href":"https:\/\/bmsmak.com.tr\/tr_tr\/wp-json\/wp\/v2\/pages\/694","targetHints":{"allow":["GET"]}}],"collection":[{"href":"https:\/\/bmsmak.com.tr\/tr_tr\/wp-json\/wp\/v2\/pages"}],"about":[{"href":"https:\/\/bmsmak.com.tr\/tr_tr\/wp-json\/wp\/v2\/types\/page"}],"author":[{"embeddable":true,"href":"https:\/\/bmsmak.com.tr\/tr_tr\/wp-json\/wp\/v2\/users\/1"}],"replies":[{"embeddable":true,"href":"https:\/\/bmsmak.com.tr\/tr_tr\/wp-json\/wp\/v2\/comments?post=694"}],"version-history":[{"count":24,"href":"https:\/\/bmsmak.com.tr\/tr_tr\/wp-json\/wp\/v2\/pages\/694\/revisions"}],"predecessor-version":[{"id":1099,"href":"https:\/\/bmsmak.com.tr\/tr_tr\/wp-json\/wp\/v2\/pages\/694\/revisions\/1099"}],"wp:attachment":[{"href":"https:\/\/bmsmak.com.tr\/tr_tr\/wp-json\/wp\/v2\/media?parent=694"}],"curies":[{"name":"wp","href":"https:\/\/api.w.org\/{rel}","templated":true}]}}