{"id":692,"date":"2018-12-04T08:57:29","date_gmt":"2018-12-04T05:57:29","guid":{"rendered":"http:\/\/themetrademark.com\/demo\/tatee\/?page_id=209"},"modified":"2020-08-07T10:39:57","modified_gmt":"2020-08-07T07:39:57","slug":"main-home","status":"publish","type":"page","link":"https:\/\/bmsmak.com.tr\/en\/","title":{"rendered":"Main Home"},"content":{"rendered":"<div class=\"vc_row customize-mind wpb_row\"><div class=\"wpb_column vc_column_container vc_col-sm-12\"><div class=\"vc_column-inner\"><div class=\"wpb_wrapper\">\t<section class=\"mainhome-slide\">\r\n\t\t<div class=\"rev_slider_wrapper rev_slider_wrapper--p80 tp-overflow-hidden\">\r\n\t\t\t<div class=\"rev_slider fullwidthabanner js-rev\" data-version=\"5.4.4\" style=\"display:none\" data-rev-layout=\"fullscreen\" data-rev-stylearrow=\"au-rev-arrow-1\" data-rev-bullets=\"true\" data-rev-stylebullet=\"au-rev-bullet-1\" data-rev-voffbullet=\"55\">\r\n\t\t\t\t<ul>\r\n\t\t\t\t\t\t\t\t\t\t\t\t<li class=\"rev-item rev-item-1\" data-transition=\"crossfade\">\r\n\t\t\t\t\t\t\t\t\t\t\t\t\t\t\t\t\t<img decoding=\"async\" class=\"rev-slidebg\" src=\"https:\/\/bmsmak.com.tr\/wp-content\/uploads\/2020\/04\/slide-anasayfa-11-scaled.jpg\"  \/>\r\n\t\t\t\t\t\t\t\t\t\t\t\t\t\t\t\t\t\t\t\t\t\t\t\t\t\t\t\t\t\t\t\t\t\t\t\t\t\t<\/li>\r\n\t\t\t\t\t\t\t\t\t\t\t\t<li class=\"rev-item rev-item-1\" data-transition=\"crossfade\">\r\n\t\t\t\t\t\t\t\t\t\t\t\t\t\t\t\t\t<img decoding=\"async\" class=\"rev-slidebg\" src=\"https:\/\/bmsmak.com.tr\/wp-content\/uploads\/2020\/01\/slide-anasayfa-1.jpg\"  \/>\r\n\t\t\t\t\t\t\t\t\t\t\t\t\t\t\t\t\t\t\t\t\t\t\t\t\t\t\t\t\t\t\t\t\t<h2 class=\"tp-caption tp-resizeme rev-text-2\" data-frames=\"[{&quot;delay&quot;:800,&quot;speed&quot;:2100,&quot;frame&quot;:&quot;0&quot;,&quot;from&quot;:&quot;x:[-100%];z:0;rX:0deg;rY:0;rZ:0;sX:1;sY:1;skX:0;skY:0;&quot;,&quot;mask&quot;:&quot;x:0px;y:0px;s:inherit;e:inherit;&quot;,&quot;to&quot;:&quot;o:1;&quot;,&quot;ease&quot;:&quot;Power3.easeInOut&quot;},{&quot;delay&quot;:&quot;wait&quot;,&quot;speed&quot;:800,&quot;frame&quot;:&quot;999&quot;,&quot;to&quot;:&quot;auto:auto;&quot;,&quot;ease&quot;:&quot;Power3.easeInOut&quot;}]\"\r\n\t\t\t\t\t\t\t\t\tdata-x=\"[left]\" data-y=\"[center]\" data-hoffset=\"[0, 0, 0, 0, 0]\" data-voffset=\"[-35, -30, 15, 10, 10]\" data-paddingleft=\"[0, 0, 0, 0, 15]\" data-paddingright=\"[0, 0, 0, 0, 15]\" data-width=\"[600,600,500,576,500]\" data-height=\"[&quot;auto&quot;]\"\r\n\t\t\t\t\t\t\t\t\tdata-lineheight=\"[60, 60, 45, 50, 45]\" data-whitespace=\"normal\" data-color=\"#fff\" data-fontweight=\"700\" data-fontsize=\"[48, 48, 46, 42, 46]\" data-textalign=\"[left, left, left, left, left]\">Silo<\/h2>\r\n\t\t\t\t\t\t\t\t\t\t\t\t\t\t\t\t\t\t\t\t\t\t<\/li>\r\n\t\t\t\t\t\t\t\t\t\t\t\t<li class=\"rev-item rev-item-1\" data-transition=\"crossfade\">\r\n\t\t\t\t\t\t\t\t\t\t\t\t\t\t\t\t\t<img decoding=\"async\" class=\"rev-slidebg\" src=\"https:\/\/bmsmak.com.tr\/wp-content\/uploads\/2020\/01\/slide-anasayfa-2.jpg\"  \/>\r\n\t\t\t\t\t\t\t\t\t\t\t\t\t\t\t\t\t\t\t\t\t\t\t\t\t\t\t\t\t\t\t\t\t<h2 class=\"tp-caption tp-resizeme rev-text-2\" data-frames=\"[{&quot;delay&quot;:800,&quot;speed&quot;:2100,&quot;frame&quot;:&quot;0&quot;,&quot;from&quot;:&quot;x:[-100%];z:0;rX:0deg;rY:0;rZ:0;sX:1;sY:1;skX:0;skY:0;&quot;,&quot;mask&quot;:&quot;x:0px;y:0px;s:inherit;e:inherit;&quot;,&quot;to&quot;:&quot;o:1;&quot;,&quot;ease&quot;:&quot;Power3.easeInOut&quot;},{&quot;delay&quot;:&quot;wait&quot;,&quot;speed&quot;:800,&quot;frame&quot;:&quot;999&quot;,&quot;to&quot;:&quot;auto:auto;&quot;,&quot;ease&quot;:&quot;Power3.easeInOut&quot;}]\"\r\n\t\t\t\t\t\t\t\t\tdata-x=\"[left]\" data-y=\"[center]\" data-hoffset=\"[0, 0, 0, 0, 0]\" data-voffset=\"[-35, -30, 15, 10, 10]\" data-paddingleft=\"[0, 0, 0, 0, 15]\" data-paddingright=\"[0, 0, 0, 0, 15]\" data-width=\"[600,600,500,576,500]\" data-height=\"[&quot;auto&quot;]\"\r\n\t\t\t\t\t\t\t\t\tdata-lineheight=\"[60, 60, 45, 50, 45]\" data-whitespace=\"normal\" data-color=\"#fff\" data-fontweight=\"700\" data-fontsize=\"[48, 48, 46, 42, 46]\" data-textalign=\"[left, left, left, left, left]\">Silo<\/h2>\r\n\t\t\t\t\t\t\t\t\t\t\t\t\t\t\t\t\t\t\t\t\t\t<\/li>\r\n\t\t\t\t\t\t\t\t\t\t\t\t<li class=\"rev-item rev-item-1\" data-transition=\"crossfade\">\r\n\t\t\t\t\t\t\t\t\t\t\t\t\t\t\t\t\t<img decoding=\"async\" class=\"rev-slidebg\" src=\"https:\/\/bmsmak.com.tr\/wp-content\/uploads\/2020\/01\/slide-anasayfa-3.jpg\"  \/>\r\n\t\t\t\t\t\t\t\t\t\t\t\t\t\t\t\t\t\t\t\t\t\t\t\t\t\t\t\t\t\t\t\t\t<h2 class=\"tp-caption tp-resizeme rev-text-2\" data-frames=\"[{&quot;delay&quot;:800,&quot;speed&quot;:2100,&quot;frame&quot;:&quot;0&quot;,&quot;from&quot;:&quot;x:[-100%];z:0;rX:0deg;rY:0;rZ:0;sX:1;sY:1;skX:0;skY:0;&quot;,&quot;mask&quot;:&quot;x:0px;y:0px;s:inherit;e:inherit;&quot;,&quot;to&quot;:&quot;o:1;&quot;,&quot;ease&quot;:&quot;Power3.easeInOut&quot;},{&quot;delay&quot;:&quot;wait&quot;,&quot;speed&quot;:800,&quot;frame&quot;:&quot;999&quot;,&quot;to&quot;:&quot;auto:auto;&quot;,&quot;ease&quot;:&quot;Power3.easeInOut&quot;}]\"\r\n\t\t\t\t\t\t\t\t\tdata-x=\"[left]\" data-y=\"[center]\" data-hoffset=\"[0, 0, 0, 0, 0]\" data-voffset=\"[-35, -30, 15, 10, 10]\" data-paddingleft=\"[0, 0, 0, 0, 15]\" data-paddingright=\"[0, 0, 0, 0, 15]\" data-width=\"[600,600,500,576,500]\" data-height=\"[&quot;auto&quot;]\"\r\n\t\t\t\t\t\t\t\t\tdata-lineheight=\"[60, 60, 45, 50, 45]\" data-whitespace=\"normal\" data-color=\"#fff\" data-fontweight=\"700\" data-fontsize=\"[48, 48, 46, 42, 46]\" data-textalign=\"[left, left, left, left, left]\">Silo<\/h2>\r\n\t\t\t\t\t\t\t\t\t\t\t\t\t\t\t\t\t\t\t\t\t\t<\/li>\r\n\t\t\t\t\t\t\t\t\t\t\t\t<li class=\"rev-item rev-item-1\" data-transition=\"crossfade\">\r\n\t\t\t\t\t\t\t\t\t\t\t\t\t\t\t\t\t<img decoding=\"async\" class=\"rev-slidebg\" src=\"https:\/\/bmsmak.com.tr\/wp-content\/uploads\/2020\/04\/slide-anasayfa-8-e1586634955622.jpg\"  \/>\r\n\t\t\t\t\t\t\t\t\t\t\t\t\t\t\t\t\t\t\t\t\t\t\t\t\t\t\t\t\t\t\t\t\t\t\t\t\t\t<\/li>\r\n\t\t\t\t\t\t\t\t\t\t\t\t<li class=\"rev-item rev-item-1\" data-transition=\"crossfade\">\r\n\t\t\t\t\t\t\t\t\t\t\t\t\t\t\t\t\t<img decoding=\"async\" class=\"rev-slidebg\" src=\"https:\/\/bmsmak.com.tr\/wp-content\/uploads\/2020\/04\/slide-anasayfa-7-scaled.jpg\"  \/>\r\n\t\t\t\t\t\t\t\t\t\t\t\t\t\t\t\t\t\t\t\t\t\t\t\t\t\t\t\t\t\t\t\t\t\t\t\t\t\t<\/li>\r\n\t\t\t\t\t\t\t\t\t\t\t\t<li class=\"rev-item rev-item-1\" data-transition=\"crossfade\">\r\n\t\t\t\t\t\t\t\t\t\t\t\t\t\t\t\t\t<img decoding=\"async\" class=\"rev-slidebg\" src=\"https:\/\/bmsmak.com.tr\/wp-content\/uploads\/2020\/04\/slide-anasayfa-12-scaled.jpg\"  \/>\r\n\t\t\t\t\t\t\t\t\t\t\t\t\t\t\t\t\t\t\t\t\t\t\t\t\t\t\t\t\t\t\t\t\t\t\t\t\t\t<\/li>\r\n\t\t\t\t\t\t\t\t\t\t\t\t<li class=\"rev-item rev-item-1\" data-transition=\"crossfade\">\r\n\t\t\t\t\t\t\t\t\t\t\t\t\t\t\t\t\t<img decoding=\"async\" class=\"rev-slidebg\" src=\"https:\/\/bmsmak.com.tr\/wp-content\/uploads\/2020\/04\/slide-anasayfa-13.jpg\"  \/>\r\n\t\t\t\t\t\t\t\t\t\t\t\t\t\t\t\t\t\t\t\t\t\t\t\t\t\t\t\t\t\t\t\t\t\t\t\t\t\t<\/li>\r\n\t\t\t\t\t\t\t\t\t\t\t\t<li class=\"rev-item rev-item-1\" data-transition=\"crossfade\">\r\n\t\t\t\t\t\t\t\t\t\t\t\t\t\t\t\t\t<img decoding=\"async\" class=\"rev-slidebg\" src=\"https:\/\/bmsmak.com.tr\/wp-content\/uploads\/2020\/04\/slide-anasayfa-4.jpg\"  \/>\r\n\t\t\t\t\t\t\t\t\t\t\t\t\t\t\t\t\t\t\t\t\t\t\t\t\t\t\t\t\t\t\t\t\t\t\t\t\t\t<\/li>\r\n\t\t\t\t\t\t\t\t\t<\/ul>\r\n\t\t\t<\/div>\r\n\t\t<\/div>\r\n\t\t<div class=\"rev-spacer\"><\/div>\r\n\t<\/section>\r\n\t<\/div><\/div><\/div><\/div><section class=\"p-t-40 p-b-55 p-md-t-70\"><div class=\"container\"><div class=\"media-about mh-about\"><div class=\"vc_row customize-mind wpb_row\"><div class=\"wpb_column vc_column_container vc_col-sm-7 vc_col-md-7\"><div class=\"vc_column-inner\"><div class=\"wpb_wrapper\">\r\n\t<div class=\"media__body\">\r\n\t\t\t\t\t<h5 class=\"title-sub\">Kalite Politikas\u0131<\/h5>\r\n\t\t\t\t\t\t\t<h2 class=\"title-1\">M\u00fchendislik alan\u0131nda uzmanl\u0131\u011f\u0131m\u0131z<\/h2>\r\n\t\t\t\t\t\t\t<p class=\"media__text\">``BMS, s\u00fcrd\u00fc\u011f\u00fc t\u00fcm hizmetlerin ulusal ve uluslararas\u0131 pazarlarda kabul g\u00f6rd\u00fc\u011f\u00fcnden ve m\u00fc\u015fterilerin beklentilerini kar\u015f\u0131lad\u0131\u011f\u0131ndan emin olacakt\u0131r.<\/p>\n<p>Bu ama\u00e7la \u00e7al\u0131\u015fanlar\u0131n tam kat\u0131l\u0131m\u0131yla;<\/p>\n<p>T\u00fcm kademelerde kalite politikas\u0131n\u0131 s\u00fcrd\u00fcrmek,<br \/>\n\u2022T\u00fcm proses, \u00fcr\u00fcn ve hizmet kalitesini geli\u015ftirerek, al\u0131nan t\u00fcm sonu\u00e7larda s\u00fcrekli iyile\u015ftirmeyi<br \/>\nsa\u011flayacak,<br \/>\n\u2022Kalite hedefleri tespit edilerek ve hedeflere g\u00f6re \u00e7al\u0131\u015fanlar \u00f6d\u00fcllendirilerek,<br \/>\n\u2022Kalite y\u00f6netim prosesine t\u00fcm \u00e7al\u0131\u015fanlar\u0131n kat\u0131l\u0131m\u0131 ve ekip \u00e7al\u0131\u015fmas\u0131n\u0131n g\u00fc\u00e7lendirilmesi<br \/>\ndesteklenerek,<br \/>\n\u00c7al\u0131\u015fanlar\u0131n motivasyonu artt\u0131r\u0131lacak, m\u00fc\u015fteri beklentilerinin \u00f6tesinde bir kalite standard\u0131<br \/>\nyakalanacak ve m\u00fc\u015fteri memnuniyeti sa\u011flanacakt\u0131r \u201c<\/p>\r\n\t\t\t\t\t\t\t<a class=\"au-btn au-btn--arrow\" href=\"https:\/\/bmsmak.com.tr\/tr_tr\/kalite-politikamiz\/\">devam\u0131\t\t\t<i class=\"zmdi zmdi-arrow-right ic-arrow\"><\/i>\r\n\t\t<\/a>\r\n\t<\/div>\r\n\r\n<\/div><\/div><\/div><div class=\"wpb_column vc_column_container vc_col-sm-5 vc_col-md-5\"><div class=\"vc_column-inner\"><div class=\"wpb_wrapper\">\t\t\t<div class=\"media__img js-line\">\r\n\t\t\t\t\t\t\t<img decoding=\"async\" src=\"https:\/\/bmsmak.com.tr\/wp-content\/uploads\/2018\/12\/about-01.jpg\">\r\n\t\t\t\t\t\t<span class=\"line\"><\/span>\r\n\t\t\t<span class=\"line line-bottom\"><\/span>\r\n\t\t\t<div class=\"media__img-inner wow fadeIn\" data-wow-duration=\"0.8s\" data-wow-delay=\"0.2s\">\r\n\t\t\t\t\t\t\t\t\t<span class=\"number\">20<\/span>\r\n\t\t\t\t\t\t\t\t\t\t\t\t\t<span class=\"desc\">y\u0131ll\u0131k deneyim<\/span>\r\n\t\t\t\t\t\t\t<\/div>\r\n\t\t<\/div>\r\n\t\t\r\n\t\t\r\n\t<\/div><\/div><\/div><\/div><\/div><\/div><\/section><section class=\"p-t-60 p-b-55\"><div class=\"container\"><div class=\"vc_row customize-mind wpb_row\"><div class=\"wpb_column vc_column_container vc_col-sm-12\"><div class=\"vc_column-inner\"><div class=\"wpb_wrapper\">\t\t\t<div class=\"section-title m-b-70\">\r\n\t\t\t\t\t\t\t<h5 class=\"title-sub\">Neler Yap\u0131yoruz<\/h5>\r\n\t\t\t\t\t\t\t\t\t\t<h2 class=\"title-1\">Uzmanl\u0131\u011f\u0131m\u0131z<\/h2>\r\n\t\t\t\t\t<\/div>\r\n\t\t\r\n\t\t <div class=\"vc_row wpb_row vc_inner\"><div class=\"wpb_column vc_column_container vc_col-sm-12\"><div class=\"vc_column-inner\"><div class=\"wpb_wrapper\">            <div class=\"row no-gutters\">\r\n                            <div class=\"col-md-6 col-lg-4\">\r\n                    <article class=\"media media-service\">\r\n                                                    <figure class=\"media__img\">\r\n                                <img decoding=\"async\" src=\"https:\/\/bmsmak.com.tr\/wp-content\/uploads\/2018\/12\/service-01.png\" \/>\r\n                            <\/figure>\r\n                                                <div class=\"media__title\">\r\n                                                            <h3 class=\"title\">\r\n                                    <a href=\"#\">\u0130malat<\/a>\r\n                                <\/h3>\r\n                                                        \r\n                            <span class=\"number\">01<\/span>\r\n                        <\/div>\r\n                                                    <p class=\"media__text\">BMS Makina, her biri alan\u0131nda uzman 50 ki\u015filik beyaz ve mavi yaka kadrosu ile ilgili standartlara\n\nUygun olarak \u00c7ay\u0131rova \/ Kocaeli\u2019 ndeki 2.000 m\u00b2 kapal\u0131 alanl\u0131 fabrikas\u0131nda proses ekipmanlar\u0131n\u0131n\n\nimalat\u0131n\u0131 yapmaktad\u0131r<\/p>\r\n                                            <\/article>\r\n                <\/div>\r\n                                <div class=\"col-md-6 col-lg-4\">\r\n                    <article class=\"media media-service\">\r\n                                                    <figure class=\"media__img\">\r\n                                <img decoding=\"async\" src=\"https:\/\/bmsmak.com.tr\/wp-content\/uploads\/2018\/12\/service-02.png\" \/>\r\n                            <\/figure>\r\n                                                <div class=\"media__title\">\r\n                                                            <h3 class=\"title\">\r\n                                    <a href=\"#\">Tasar\u0131m<\/a>\r\n                                <\/h3>\r\n                                                        \r\n                            <span class=\"number\">02<\/span>\r\n                        <\/div>\r\n                                                    <p class=\"media__text\">BMS Makina, kendi b\u00fcnyesinde uluslararas\u0131 standartlara ( API, ASME, EN ) uygun olarak\n\nproses ekipmanlar\u0131n\u0131n mekanik hesaplamalar\u0131n\u0131 ve tasar\u0131m\u0131n\u0131 ger\u00e7ekle\u015ftirmektedir.\n\n \n\nEN ve ASME normlar\u0131nda sertifikaland\u0131r\u0131lm\u0131\u015f deneyimli kaynak\u00e7\u0131 kadrosuna ve kaynak\n\nm\u00fchendislerine sahip olan BMS Makina, paslanmaz \u00e7elik, karbon \u00e7elik, \u00f6zel ala\u015f\u0131ml\u0131 \u00e7elik\n\nvb. malzeme tiplerinde geni\u015f tecr\u00fcbeye ve bunlarla ilgili kapsaml\u0131 bir WPS ve PQR ar\u015fivine sahiptir.<\/p>\r\n                                            <\/article>\r\n                <\/div>\r\n                                <div class=\"col-md-6 col-lg-4\">\r\n                    <article class=\"media media-service\">\r\n                                                    <figure class=\"media__img\">\r\n                                <img decoding=\"async\" src=\"https:\/\/bmsmak.com.tr\/wp-content\/uploads\/2018\/12\/service-03.png\" \/>\r\n                            <\/figure>\r\n                                                <div class=\"media__title\">\r\n                                                            <h3 class=\"title\">\r\n                                    <a href=\"#\">Proje Y\u00f6netimi<\/a>\r\n                                <\/h3>\r\n                                                        \r\n                            <span class=\"number\">03<\/span>\r\n                        <\/div>\r\n                                                    <p class=\"media__text\">\u200bBMS Makina, m\u00fc\u015fterilerine uluslararas\u0131 standartlarda bir proje y\u00f6netimi sunmaktad\u0131r.\n\nHer proje i\u00e7in, m\u00fc\u015fteri ve BMS \u00e7al\u0131\u015fanlar\u0131 aras\u0131nda ki ak\u0131\u015f\u0131 y\u00f6nlendiren bir proje y\u00f6neticisi\n\natanmaktad\u0131r. \u200bProje y\u00f6neticileri, m\u00fc\u015fterilerle sistematik ileti\u015fim halinde projelerin istenen\n\nkalite ve \u00f6ng\u00f6r\u00fclen s\u00fcrede teslim edilmesini sa\u011flarlar.\n\nBu do\u011frultuda, proje ba\u015flang\u0131c\u0131nda bir Proje \u0130\u015f Program\u0131 haz\u0131rlan\u0131r ve tasar\u0131m, malzeme temini,\n\nimalat, kalite kontrol, test, ambalaj ve sevkiyat a\u015famalar\u0131n\u0131n ba\u015flang\u0131\u00e7 ve biti\u015f tarihleri belirlenir\n\nve m\u00fc\u015fteriler ile payla\u015f\u0131l\u0131r. Proje y\u00f6neticileri, projelerin ilerleme a\u015famalar\u0131n\u0131 s\u00fcrekli takip ederek\n\nhedefler do\u011frultusunda tamamlanmas\u0131n\u0131 sa\u011flarlar<\/p>\r\n                                            <\/article>\r\n                <\/div>\r\n                            <\/div>\r\n        \r\n        <\/div><\/div><\/div><\/div><\/div><\/div><\/div><\/div><\/div><\/section>","protected":false},"excerpt":{"rendered":"Silo Silo Silo Kalite Politikas\u0131 M\u00fchendislik alan\u0131nda uzmanl\u0131\u011f\u0131m\u0131z ``BMS, s\u00fcrd\u00fc\u011f\u00fc t\u00fcm hizmetlerin ulusal ve uluslararas\u0131 pazarlarda kabul g\u00f6rd\u00fc\u011f\u00fcnden ve m\u00fc\u015fterilerin beklentilerini kar\u015f\u0131lad\u0131\u011f\u0131ndan emin olacakt\u0131r. Bu ama\u00e7la \u00e7al\u0131\u015fanlar\u0131n tam kat\u0131l\u0131m\u0131yla; T\u00fcm kademelerde kalite politikas\u0131n\u0131 s\u00fcrd\u00fcrmek, \u2022T\u00fcm proses, \u00fcr\u00fcn ve hizmet kalitesini geli\u015ftirerek, al\u0131nan t\u00fcm sonu\u00e7larda s\u00fcrekli iyile\u015ftirmeyi sa\u011flayacak, \u2022Kalite hedefleri tespit edilerek ve hedeflere g\u00f6re \u00e7al\u0131\u015fanlar [...]","protected":false},"author":1,"featured_media":0,"parent":0,"menu_order":0,"comment_status":"closed","ping_status":"closed","template":"template\/main-home.php","meta":{"footnotes":""},"class_list":["post-692","page","type-page","status-publish","hentry","blog blog-detail-1"],"_links":{"self":[{"href":"https:\/\/bmsmak.com.tr\/en\/wp-json\/wp\/v2\/pages\/692","targetHints":{"allow":["GET"]}}],"collection":[{"href":"https:\/\/bmsmak.com.tr\/en\/wp-json\/wp\/v2\/pages"}],"about":[{"href":"https:\/\/bmsmak.com.tr\/en\/wp-json\/wp\/v2\/types\/page"}],"author":[{"embeddable":true,"href":"https:\/\/bmsmak.com.tr\/en\/wp-json\/wp\/v2\/users\/1"}],"replies":[{"embeddable":true,"href":"https:\/\/bmsmak.com.tr\/en\/wp-json\/wp\/v2\/comments?post=692"}],"version-history":[{"count":48,"href":"https:\/\/bmsmak.com.tr\/en\/wp-json\/wp\/v2\/pages\/692\/revisions"}],"predecessor-version":[{"id":1552,"href":"https:\/\/bmsmak.com.tr\/en\/wp-json\/wp\/v2\/pages\/692\/revisions\/1552"}],"wp:attachment":[{"href":"https:\/\/bmsmak.com.tr\/en\/wp-json\/wp\/v2\/media?parent=692"}],"curies":[{"name":"wp","href":"https:\/\/api.w.org\/{rel}","templated":true}]}}